{"id":58,"date":"2023-03-29T11:59:18","date_gmt":"2023-03-29T09:59:18","guid":{"rendered":"https:\/\/tutumenergy.es\/?page_id=58"},"modified":"2023-11-10T10:48:09","modified_gmt":"2023-11-10T09:48:09","slug":"blogs","status":"publish","type":"page","link":"https:\/\/tutumenergy.es\/en\/blogs\/","title":{"rendered":"Blogs"},"content":{"rendered":"<div data-elementor-type=\"wp-page\" data-elementor-id=\"58\" class=\"elementor elementor-58\" data-elementor-post-type=\"page\">\n\t\t\t\t\t\t\t<div class=\"elementor-element elementor-element-d4b2074 animated-slow e-flex e-con-boxed elementor-invisible e-con\" data-id=\"d4b2074\" data-element_type=\"container\" data-settings=\"{&quot;animation&quot;:&quot;fadeIn&quot;,&quot;content_width&quot;:&quot;boxed&quot;}\">\n\t\t\t\t\t<div class=\"e-con-inner\">\n\t\t<div class=\"elementor-element elementor-element-df664d5 e-con-full e-flex e-con\" data-id=\"df664d5\" data-element_type=\"container\" data-settings=\"{&quot;content_width&quot;:&quot;full&quot;}\">\n\t\t\t\t<div class=\"elementor-element elementor-element-d6074fb elementor-widget__width-auto elementor-widget elementor-widget-text-editor\" data-id=\"d6074fb\" data-element_type=\"widget\" data-widget_type=\"text-editor.default\">\n\t\t\t\t<div class=\"elementor-widget-container\">\n\t\t\t<style>\/*! elementor - v3.14.0 - 18-06-2023 *\/\n.elementor-widget-text-editor.elementor-drop-cap-view-stacked .elementor-drop-cap{background-color:#69727d;color:#fff}.elementor-widget-text-editor.elementor-drop-cap-view-framed .elementor-drop-cap{color:#69727d;border:3px solid;background-color:transparent}.elementor-widget-text-editor:not(.elementor-drop-cap-view-default) .elementor-drop-cap{margin-top:8px}.elementor-widget-text-editor:not(.elementor-drop-cap-view-default) .elementor-drop-cap-letter{width:1em;height:1em}.elementor-widget-text-editor .elementor-drop-cap{float:left;text-align:center;line-height:1;font-size:50px}.elementor-widget-text-editor .elementor-drop-cap-letter{display:inline-block}<\/style>\t\t\t\t<p>TUTUM ENERGY<\/p>\t\t\t\t\t\t<\/div>\n\t\t\t\t<\/div>\n\t\t\t\t<div class=\"elementor-element elementor-element-94dcc13 elementor-widget elementor-widget-heading\" data-id=\"94dcc13\" data-element_type=\"widget\" data-widget_type=\"heading.default\">\n\t\t\t\t<div class=\"elementor-widget-container\">\n\t\t\t<style>\/*! elementor - v3.14.0 - 18-06-2023 *\/\n.elementor-heading-title{padding:0;margin:0;line-height:1}.elementor-widget-heading .elementor-heading-title[class*=elementor-size-]>a{color:inherit;font-size:inherit;line-height:inherit}.elementor-widget-heading .elementor-heading-title.elementor-size-small{font-size:15px}.elementor-widget-heading .elementor-heading-title.elementor-size-medium{font-size:19px}.elementor-widget-heading .elementor-heading-title.elementor-size-large{font-size:29px}.elementor-widget-heading .elementor-heading-title.elementor-size-xl{font-size:39px}.elementor-widget-heading .elementor-heading-title.elementor-size-xxl{font-size:59px}<\/style><h1 class=\"elementor-heading-title elementor-size-default\">Blogs &amp; News<\/h1>\t\t<\/div>\n\t\t\t\t<\/div>\n\t\t\t\t<\/div>\n\t\t\t\t\t<\/div>\n\t\t\t\t<\/div>\n\t\t<div class=\"elementor-element elementor-element-4b700f2 animated-slow e-flex e-con-boxed elementor-invisible e-con\" data-id=\"4b700f2\" data-element_type=\"container\" data-settings=\"{&quot;background_background&quot;:&quot;classic&quot;,&quot;animation&quot;:&quot;fadeIn&quot;,&quot;content_width&quot;:&quot;boxed&quot;}\">\n\t\t\t\t\t<div class=\"e-con-inner\">\n\t\t\t\t<div class=\"elementor-element elementor-element-bf62622 elementor-grid-3 elementor-grid-tablet-2 elementor-grid-mobile-1 elementor-posts--thumbnail-top elementor-card-shadow-yes elementor-posts__hover-gradient elementor-widget elementor-widget-posts\" data-id=\"bf62622\" data-element_type=\"widget\" data-settings=\"{&quot;pagination_type&quot;:&quot;numbers_and_prev_next&quot;,&quot;cards_columns&quot;:&quot;3&quot;,&quot;cards_columns_tablet&quot;:&quot;2&quot;,&quot;cards_columns_mobile&quot;:&quot;1&quot;,&quot;cards_row_gap&quot;:{&quot;unit&quot;:&quot;px&quot;,&quot;size&quot;:35,&quot;sizes&quot;:[]},&quot;cards_row_gap_tablet&quot;:{&quot;unit&quot;:&quot;px&quot;,&quot;size&quot;:&quot;&quot;,&quot;sizes&quot;:[]},&quot;cards_row_gap_mobile&quot;:{&quot;unit&quot;:&quot;px&quot;,&quot;size&quot;:&quot;&quot;,&quot;sizes&quot;:[]}}\" data-widget_type=\"posts.cards\">\n\t\t\t\t<div class=\"elementor-widget-container\">\n\t\t\t<link rel=\"stylesheet\" href=\"https:\/\/tutumenergy.es\/wp-content\/plugins\/elementor-pro\/assets\/css\/widget-posts.min.css\">\t\t<div class=\"elementor-posts-container elementor-posts elementor-posts--skin-cards elementor-grid\">\n\t\t\t\t<article class=\"elementor-post elementor-grid-item post-3983 post type-post status-publish format-standard has-post-thumbnail hentry category-sin-categoria tag-ahorro-de-energia tag-aire-acondicionado tag-b2b tag-eficiencia-energetica tag-reducir-costes-energeticos\">\n\t\t\t<div class=\"elementor-post__card\">\n\t\t\t\t<a class=\"elementor-post__thumbnail__link\" href=\"https:\/\/tutumenergy.es\/en\/importance-of-efficient-air-conditioning-in-spain\/\"><div class=\"elementor-post__thumbnail\"><img loading=\"lazy\" decoding=\"async\" width=\"768\" height=\"412\" src=\"https:\/\/tutumenergy.es\/wp-content\/uploads\/2023\/11\/shutterstock_2191856133-2-1-768x412.jpg\" class=\"attachment-medium_large size-medium_large wp-image-3984\" alt=\"Energy-Efficient Air Conditioning in Spain\" srcset=\"https:\/\/tutumenergy.es\/wp-content\/uploads\/2023\/11\/shutterstock_2191856133-2-1-768x412.jpg 768w, https:\/\/tutumenergy.es\/wp-content\/uploads\/2023\/11\/shutterstock_2191856133-2-1-300x161.jpg 300w, https:\/\/tutumenergy.es\/wp-content\/uploads\/2023\/11\/shutterstock_2191856133-2-1-18x10.jpg 18w, https:\/\/tutumenergy.es\/wp-content\/uploads\/2023\/11\/shutterstock_2191856133-2-1.jpg 969w\" sizes=\"auto, (max-width: 768px) 100vw, 768px\" \/><\/div><\/a>\n\t\t\t\t<div class=\"elementor-post__text\">\n\t\t\t\t<h2 class=\"elementor-post__title\">\n\t\t\t<a href=\"https:\/\/tutumenergy.es\/en\/importance-of-efficient-air-conditioning-in-spain\/\">\n\t\t\t\tImportance of energy efficient air conditioning in Spain\t\t\t<\/a>\n\t\t<\/h2>\n\t\t\t\t<div class=\"elementor-post__excerpt\">\n\t\t\t<p>El primer sistema de aire acondicionado fue inventado en 1902 por el ingeniero estadounidense Willis Haviland Carrier, lo que cambi\u00f3 la forma en que vivimos y trabajamos. Como resultado de<\/p>\n\t\t<\/div>\n\t\t\t\t\t<div class=\"elementor-post__read-more-wrapper\">\n\t\t\n\t\t<a class=\"elementor-post__read-more\" href=\"https:\/\/tutumenergy.es\/en\/importance-of-efficient-air-conditioning-in-spain\/\" aria-label=\"Read more about \u00bfPor qu\u00e9 es importante tener una climatizaci\u00f3n eficiente en Espa\u00f1a?\">\n\t\t\tRead more \u00bb\t\t<\/a>\n\n\t\t\t\t\t<\/div>\n\t\t\t\t<\/div>\n\t\t\t\t<div class=\"elementor-post__meta-data\">\n\t\t\t\t\t<span class=\"elementor-post-date\">\n\t\t\t23\/11\/2023\t\t<\/span>\n\t\t\t\t<\/div>\n\t\t\t\t\t<\/div>\n\t\t<\/article>\n\t\t\t\t<article class=\"elementor-post elementor-grid-item post-3289 post type-post status-publish format-standard has-post-thumbnail hentry category-sin-categoria tag-ahorro-de-costes tag-ahorro-de-energia tag-b2b tag-eficiencia-energetica tag-reducir-costes tag-reducir-costes-energeticos tag-reducir-huella-de-carbono\">\n\t\t\t<div class=\"elementor-post__card\">\n\t\t\t\t<a class=\"elementor-post__thumbnail__link\" href=\"https:\/\/tutumenergy.es\/en\/los-objetivos-de-ahorro-energetico-ahorran-energia-y-reducen-costes-2\/\"><div class=\"elementor-post__thumbnail\"><img loading=\"lazy\" decoding=\"async\" width=\"768\" height=\"512\" src=\"https:\/\/tutumenergy.es\/wp-content\/uploads\/2023\/09\/shutterstock_1931706584_opt-scaled.jpg\" class=\"attachment-medium_large size-medium_large wp-image-3287\" alt=\"Helping Spain\u2019s energy objectives can save energy and cut costs - Blog - Tutum Energy\" srcset=\"https:\/\/tutumenergy.es\/wp-content\/uploads\/2023\/09\/shutterstock_1931706584_opt-scaled.jpg 2560w, https:\/\/tutumenergy.es\/wp-content\/uploads\/2023\/09\/shutterstock_1931706584_opt-300x200.jpg 300w\" sizes=\"auto, (max-width: 768px) 100vw, 768px\" \/><\/div><\/a>\n\t\t\t\t<div class=\"elementor-post__text\">\n\t\t\t\t<h2 class=\"elementor-post__title\">\n\t\t\t<a href=\"https:\/\/tutumenergy.es\/en\/los-objetivos-de-ahorro-energetico-ahorran-energia-y-reducen-costes-2\/\">\n\t\t\t\tHelping Spain\u2019s energy objectives can save energy and cut costs\t\t\t<\/a>\n\t\t<\/h2>\n\t\t\t\t<div class=\"elementor-post__excerpt\">\n\t\t\t<p>Finding ways for businesses to save energy and reduce their carbon footprint is currently one of the most important issues today. Why is it so important? Quite simply, energy security has never been more critical.<\/p>\n\t\t<\/div>\n\t\t\t\t\t<div class=\"elementor-post__read-more-wrapper\">\n\t\t\n\t\t<a class=\"elementor-post__read-more\" href=\"https:\/\/tutumenergy.es\/en\/los-objetivos-de-ahorro-energetico-ahorran-energia-y-reducen-costes-2\/\" aria-label=\"Read more about Cumplir con los objetivos de ahorro energ\u00e9tico de Espa\u00f1a puede ahorrar energ\u00eda y reducir los costes de las empresas\">\n\t\t\tRead more \u00bb\t\t<\/a>\n\n\t\t\t\t\t<\/div>\n\t\t\t\t<\/div>\n\t\t\t\t<div class=\"elementor-post__meta-data\">\n\t\t\t\t\t<span class=\"elementor-post-date\">\n\t\t\t27\/09\/2023\t\t<\/span>\n\t\t\t\t<\/div>\n\t\t\t\t\t<\/div>\n\t\t<\/article>\n\t\t\t\t<article class=\"elementor-post elementor-grid-item post-3204 post type-post status-publish format-standard has-post-thumbnail hentry category-sin-categoria tag-ahorro-de-costes tag-ahorro-de-energia tag-b2b tag-eficiencia-energetica\">\n\t\t\t<div class=\"elementor-post__card\">\n\t\t\t\t<a class=\"elementor-post__thumbnail__link\" href=\"https:\/\/tutumenergy.es\/en\/why-energy-efficiency-rating-is-good-business\/\"><div class=\"elementor-post__thumbnail\"><img loading=\"lazy\" decoding=\"async\" width=\"768\" height=\"292\" src=\"https:\/\/tutumenergy.es\/wp-content\/uploads\/2023\/08\/Why-energy-efficiency-rating-is-good-business-768x292.jpg\" class=\"attachment-medium_large size-medium_large wp-image-3207\" alt=\"Why energy efficiency rating is good business\" srcset=\"https:\/\/tutumenergy.es\/wp-content\/uploads\/2023\/08\/Why-energy-efficiency-rating-is-good-business-768x292.jpg 768w, https:\/\/tutumenergy.es\/wp-content\/uploads\/2023\/08\/Why-energy-efficiency-rating-is-good-business-300x114.jpg 300w, https:\/\/tutumenergy.es\/wp-content\/uploads\/2023\/08\/Why-energy-efficiency-rating-is-good-business-18x7.jpg 18w, https:\/\/tutumenergy.es\/wp-content\/uploads\/2023\/08\/Why-energy-efficiency-rating-is-good-business.jpg 970w\" sizes=\"auto, (max-width: 768px) 100vw, 768px\" \/><\/div><\/a>\n\t\t\t\t<div class=\"elementor-post__text\">\n\t\t\t\t<h2 class=\"elementor-post__title\">\n\t\t\t<a href=\"https:\/\/tutumenergy.es\/en\/why-energy-efficiency-rating-is-good-business\/\">\n\t\t\t\tWhy energy efficiency rating is good business\t\t\t<\/a>\n\t\t<\/h2>\n\t\t\t\t<div class=\"elementor-post__excerpt\">\n\t\t\t<p>As a business whether you work in an office, run a shop or have a commercial unit, energy will be required to operate your business. Everything from lighting, heating and cooling to the electricity required to<\/p>\n\t\t<\/div>\n\t\t\t\t\t<div class=\"elementor-post__read-more-wrapper\">\n\t\t\n\t\t<a class=\"elementor-post__read-more\" href=\"https:\/\/tutumenergy.es\/en\/why-energy-efficiency-rating-is-good-business\/\" aria-label=\"Read more about Por qu\u00e9 la calificaci\u00f3n de eficiencia energ\u00e9tica es una buena idea para su negocio\">\n\t\t\tRead more \u00bb\t\t<\/a>\n\n\t\t\t\t\t<\/div>\n\t\t\t\t<\/div>\n\t\t\t\t<div class=\"elementor-post__meta-data\">\n\t\t\t\t\t<span class=\"elementor-post-date\">\n\t\t\t17\/08\/2023\t\t<\/span>\n\t\t\t\t<\/div>\n\t\t\t\t\t<\/div>\n\t\t<\/article>\n\t\t\t\t<\/div>\n\t\t\n\t\t\t\t<\/div>\n\t\t\t\t<\/div>\n\t\t\t\t\t<\/div>\n\t\t\t\t<\/div>\n\t\t\t\t\t\t\t<\/div>","protected":false},"excerpt":{"rendered":"<p>TUTUM ENERGY Blogs &#038; Noticias<\/p>","protected":false},"author":1,"featured_media":0,"parent":0,"menu_order":4,"comment_status":"closed","ping_status":"closed","template":"","meta":{"footnotes":""},"class_list":["post-58","page","type-page","status-publish","hentry"],"acf":[],"_links":{"self":[{"href":"https:\/\/tutumenergy.es\/en\/wp-json\/wp\/v2\/pages\/58","targetHints":{"allow":["GET"]}}],"collection":[{"href":"https:\/\/tutumenergy.es\/en\/wp-json\/wp\/v2\/pages"}],"about":[{"href":"https:\/\/tutumenergy.es\/en\/wp-json\/wp\/v2\/types\/page"}],"author":[{"embeddable":true,"href":"https:\/\/tutumenergy.es\/en\/wp-json\/wp\/v2\/users\/1"}],"replies":[{"embeddable":true,"href":"https:\/\/tutumenergy.es\/en\/wp-json\/wp\/v2\/comments?post=58"}],"version-history":[{"count":10,"href":"https:\/\/tutumenergy.es\/en\/wp-json\/wp\/v2\/pages\/58\/revisions"}],"predecessor-version":[{"id":3217,"href":"https:\/\/tutumenergy.es\/en\/wp-json\/wp\/v2\/pages\/58\/revisions\/3217"}],"wp:attachment":[{"href":"https:\/\/tutumenergy.es\/en\/wp-json\/wp\/v2\/media?parent=58"}],"curies":[{"name":"wp","href":"https:\/\/api.w.org\/{rel}","templated":true}]}}